{"id":321,"date":"2024-04-25T17:03:05","date_gmt":"2024-04-25T20:03:05","guid":{"rendered":"http:\/\/smac.niteroi.rj.gov.br\/?page_id=321"},"modified":"2025-04-14T17:32:06","modified_gmt":"2025-04-14T20:32:06","slug":"o-secretario","status":"publish","type":"page","link":"https:\/\/codac.niteroi.rj.gov.br\/?page_id=321","title":{"rendered":"A Subsecret\u00e1ria"},"content":{"rendered":"<p>[et_pb_section fb_built=&#8221;1&#8243; fullwidth=&#8221;on&#8221; _builder_version=&#8221;4.23.4&#8243; _module_preset=&#8221;default&#8221; global_colors_info=&#8221;{}&#8221;][et_pb_fullwidth_post_title meta=&#8221;off&#8221; featured_image=&#8221;off&#8221; _builder_version=&#8221;4.23.4&#8243; _module_preset=&#8221;default&#8221; title_font=&#8221;|800|||||||&#8221; title_text_color=&#8221;#F58220&#8243; text_orientation=&#8221;center&#8221; custom_padding=&#8221;30px||20px||false|false&#8221; border_width_bottom=&#8221;1px&#8221; border_color_bottom=&#8221;rgba(0,0,0,0.2)&#8221; global_colors_info=&#8221;{}&#8221;][\/et_pb_fullwidth_post_title][\/et_pb_section][et_pb_section fb_built=&#8221;1&#8243; _builder_version=&#8221;4.23.4&#8243; _module_preset=&#8221;default&#8221; custom_padding=&#8221;0px||||false|false&#8221; global_colors_info=&#8221;{}&#8221;][et_pb_row column_structure=&#8221;1_3,2_3&#8243; _builder_version=&#8221;4.23.4&#8243; _module_preset=&#8221;default&#8221; global_colors_info=&#8221;{}&#8221;][et_pb_column type=&#8221;1_3&#8243; _builder_version=&#8221;4.23.4&#8243; _module_preset=&#8221;default&#8221; global_colors_info=&#8221;{}&#8221;][et_pb_image src=&#8221;http:\/\/smac.niteroi.rj.gov.br\/wp-content\/uploads\/2024\/04\/tania-rodrigues.jpg&#8221; title_text=&#8221;tania-rodrigues&#8221; disabled_on=&#8221;on|off|off&#8221; _builder_version=&#8221;4.23.4&#8243; _module_preset=&#8221;default&#8221; global_colors_info=&#8221;{}&#8221;][\/et_pb_image][\/et_pb_column][et_pb_column type=&#8221;2_3&#8243; _builder_version=&#8221;4.23.4&#8243; _module_preset=&#8221;default&#8221; global_colors_info=&#8221;{}&#8221;][et_pb_text _builder_version=&#8221;4.23.4&#8243; _module_preset=&#8221;default&#8221; text_font_size=&#8221;16px&#8221; header_3_font=&#8221;|700|||||||&#8221; header_3_text_color=&#8221;#F58220&#8243; global_colors_info=&#8221;{}&#8221;]<\/p>\n<h3>Tania Rodrigues<\/h3>\n<p>No dia 19 de abril de 1950, nascia Tania Rodrigues, que com apenas 3 anos contraiu o v\u00edrus da poliomielite e da noite para o dia, perdeu os movimentos das pernas e bra\u00e7os, al\u00e9m de ter os m\u00fasculos respirat\u00f3rios comprometidos. A limita\u00e7\u00e3o f\u00edsica, superada por um aparelho em uma das pernas e um par de muletas, jamais a impediu de ter uma vida totalmente integrada socialmente.<\/p>\n<p>Desde pequena, por conta da paralisia infantil, sempre quis cuidar das pessoas. Por isso, escolheu a medicina. Aos 17 anos entrou para a Universidade Federal Fluminense e aos 23, concluiu o curso de Medicina com especializa\u00e7\u00e3o em Neurologia.<\/p>\n<p>Em 1981, no Ano Internacional da Pessoa Deficiente, institu\u00eddo pela ONU, foi convidada a coordenar a banca de empregos do munic\u00edpio de Niter\u00f3i, com o prop\u00f3sito de se discutir a fundo a falta de oportunidades educacionais e de trabalho para as pessoas com defici\u00eancia, naquele mesmo ano se uniu aos amigos e fundou a Andef &#8211; Associa\u00e7\u00e3o Niteroiense dos Deficientes F\u00edsicos. Com o prop\u00f3sito de encontrar caminhos para o reconhecimento da sociedade de que \u00e9 poss\u00edvel viver com respeito as diferen\u00e7as.<\/p>\n<p>A milit\u00e2ncia no movimento das pessoas com defici\u00eancia levou Tania a disputar elei\u00e7\u00f5es e com o apoio da popula\u00e7\u00e3o niteroiense a ocupar cadeira no Parlamento Municipal e Estadual. Foi Vereadora e Deputada Estadual, fez dos seus mandatos instrumentos de conquista de cidadania para os que n\u00e3o tem voz.<\/p>\n<p>Em Niter\u00f3i, atuou como Vereadora, e como Secret\u00e1ria Municipal de Acessibilidade. Trabalhou para a aprova\u00e7\u00e3o da Lei de adapta\u00e7\u00e3o dos \u00f4nibus, por brinquedos acess\u00edveis em nas pra\u00e7as, pelo projeto Praia sem Barreiras, pelo Ponto a Ponto, pelo Niter\u00f3i Acess\u00edvel. Tornando Niter\u00f3i uma das melhores cidades do Brasil quando se trata de acessibilidade e inclus\u00e3o.<\/p>\n<p>[\/et_pb_text][et_pb_image src=&#8221;http:\/\/smac.niteroi.rj.gov.br\/wp-content\/uploads\/2024\/04\/tania-rodrigues.jpg&#8221; title_text=&#8221;tania-rodrigues&#8221; disabled_on=&#8221;off|on|on&#8221; _builder_version=&#8221;4.23.4&#8243; _module_preset=&#8221;default&#8221; global_colors_info=&#8221;{}&#8221;][\/et_pb_image][\/et_pb_column][\/et_pb_row][\/et_pb_section]<\/p>\n","protected":false},"excerpt":{"rendered":"<p>Tania Rodrigues No dia 19 de abril de 1950, nascia Tania Rodrigues, que com apenas 3 anos contraiu o v\u00edrus da poliomielite e da noite para o dia, perdeu os movimentos das pernas e bra\u00e7os, al\u00e9m de ter os m\u00fasculos respirat\u00f3rios comprometidos. A limita\u00e7\u00e3o f\u00edsica, superada por um aparelho em uma das pernas e um [&hellip;]<\/p>\n","protected":false},"author":1,"featured_media":0,"parent":0,"menu_order":0,"comment_status":"closed","ping_status":"closed","template":"","meta":{"_et_pb_use_builder":"on","_et_pb_old_content":"","_et_gb_content_width":"","footnotes":""},"class_list":["post-321","page","type-page","status-publish","hentry"],"yoast_head":"<!-- This site is optimized with the Yoast SEO plugin v25.4 - https:\/\/yoast.com\/wordpress\/plugins\/seo\/ -->\n<title>A Subsecret\u00e1ria - Coordenadoria Municipal de Acessibilidade de Niter\u00f3i<\/title>\n<meta name=\"robots\" content=\"index, follow, max-snippet:-1, max-image-preview:large, max-video-preview:-1\" \/>\n<link rel=\"canonical\" href=\"https:\/\/codac.niteroi.rj.gov.br\/?page_id=321\" \/>\n<meta property=\"og:locale\" content=\"pt_BR\" \/>\n<meta property=\"og:type\" content=\"article\" \/>\n<meta property=\"og:title\" content=\"A Subsecret\u00e1ria - Coordenadoria Municipal de Acessibilidade de Niter\u00f3i\" \/>\n<meta property=\"og:description\" content=\"Tania Rodrigues No dia 19 de abril de 1950, nascia Tania Rodrigues, que com apenas 3 anos contraiu o v\u00edrus da poliomielite e da noite para o dia, perdeu os movimentos das pernas e bra\u00e7os, al\u00e9m de ter os m\u00fasculos respirat\u00f3rios comprometidos. A limita\u00e7\u00e3o f\u00edsica, superada por um aparelho em uma das pernas e um [&hellip;]\" \/>\n<meta property=\"og:url\" content=\"https:\/\/codac.niteroi.rj.gov.br\/?page_id=321\" \/>\n<meta property=\"og:site_name\" content=\"Coordenadoria Municipal de Acessibilidade de Niter\u00f3i\" \/>\n<meta property=\"article:modified_time\" content=\"2025-04-14T20:32:06+00:00\" \/>\n<meta name=\"twitter:card\" content=\"summary_large_image\" \/>\n<meta name=\"twitter:label1\" content=\"Est. tempo de leitura\" \/>\n\t<meta name=\"twitter:data1\" content=\"3 minutos\" \/>\n<script type=\"application\/ld+json\" class=\"yoast-schema-graph\">{\"@context\":\"https:\/\/schema.org\",\"@graph\":[{\"@type\":\"WebPage\",\"@id\":\"https:\/\/codac.niteroi.rj.gov.br\/?page_id=321\",\"url\":\"https:\/\/codac.niteroi.rj.gov.br\/?page_id=321\",\"name\":\"A Subsecret\u00e1ria - Coordenadoria Municipal de Acessibilidade de Niter\u00f3i\",\"isPartOf\":{\"@id\":\"https:\/\/codac.niteroi.rj.gov.br\/#website\"},\"datePublished\":\"2024-04-25T20:03:05+00:00\",\"dateModified\":\"2025-04-14T20:32:06+00:00\",\"breadcrumb\":{\"@id\":\"https:\/\/codac.niteroi.rj.gov.br\/?page_id=321#breadcrumb\"},\"inLanguage\":\"pt-BR\",\"potentialAction\":[{\"@type\":\"ReadAction\",\"target\":[\"https:\/\/codac.niteroi.rj.gov.br\/?page_id=321\"]}]},{\"@type\":\"BreadcrumbList\",\"@id\":\"https:\/\/codac.niteroi.rj.gov.br\/?page_id=321#breadcrumb\",\"itemListElement\":[{\"@type\":\"ListItem\",\"position\":1,\"name\":\"In\u00edcio\",\"item\":\"https:\/\/codac.niteroi.rj.gov.br\/\"},{\"@type\":\"ListItem\",\"position\":2,\"name\":\"A Subsecret\u00e1ria\"}]},{\"@type\":\"WebSite\",\"@id\":\"https:\/\/codac.niteroi.rj.gov.br\/#website\",\"url\":\"https:\/\/codac.niteroi.rj.gov.br\/\",\"name\":\"Coordenadoria Municipal de Acessibilidade de Niter\u00f3i\",\"description\":\"Acessibilidade Sem Limites\",\"publisher\":{\"@id\":\"https:\/\/codac.niteroi.rj.gov.br\/#organization\"},\"potentialAction\":[{\"@type\":\"SearchAction\",\"target\":{\"@type\":\"EntryPoint\",\"urlTemplate\":\"https:\/\/codac.niteroi.rj.gov.br\/?s={search_term_string}\"},\"query-input\":{\"@type\":\"PropertyValueSpecification\",\"valueRequired\":true,\"valueName\":\"search_term_string\"}}],\"inLanguage\":\"pt-BR\"},{\"@type\":\"Organization\",\"@id\":\"https:\/\/codac.niteroi.rj.gov.br\/#organization\",\"name\":\"Coordenadoria Municipal de Acessibilidade de Niter\u00f3i\",\"url\":\"https:\/\/codac.niteroi.rj.gov.br\/\",\"logo\":{\"@type\":\"ImageObject\",\"inLanguage\":\"pt-BR\",\"@id\":\"https:\/\/codac.niteroi.rj.gov.br\/#\/schema\/logo\/image\/\",\"url\":\"https:\/\/codac.niteroi.rj.gov.br\/wp-content\/uploads\/2024\/12\/pap-bg.jpg\",\"contentUrl\":\"https:\/\/codac.niteroi.rj.gov.br\/wp-content\/uploads\/2024\/12\/pap-bg.jpg\",\"width\":1600,\"height\":915,\"caption\":\"Coordenadoria Municipal de Acessibilidade de Niter\u00f3i\"},\"image\":{\"@id\":\"https:\/\/codac.niteroi.rj.gov.br\/#\/schema\/logo\/image\/\"}}]}<\/script>\n<!-- \/ Yoast SEO plugin. -->","yoast_head_json":{"title":"A Subsecret\u00e1ria - Coordenadoria Municipal de Acessibilidade de Niter\u00f3i","robots":{"index":"index","follow":"follow","max-snippet":"max-snippet:-1","max-image-preview":"max-image-preview:large","max-video-preview":"max-video-preview:-1"},"canonical":"https:\/\/codac.niteroi.rj.gov.br\/?page_id=321","og_locale":"pt_BR","og_type":"article","og_title":"A Subsecret\u00e1ria - Coordenadoria Municipal de Acessibilidade de Niter\u00f3i","og_description":"Tania Rodrigues No dia 19 de abril de 1950, nascia Tania Rodrigues, que com apenas 3 anos contraiu o v\u00edrus da poliomielite e da noite para o dia, perdeu os movimentos das pernas e bra\u00e7os, al\u00e9m de ter os m\u00fasculos respirat\u00f3rios comprometidos. A limita\u00e7\u00e3o f\u00edsica, superada por um aparelho em uma das pernas e um [&hellip;]","og_url":"https:\/\/codac.niteroi.rj.gov.br\/?page_id=321","og_site_name":"Coordenadoria Municipal de Acessibilidade de Niter\u00f3i","article_modified_time":"2025-04-14T20:32:06+00:00","twitter_card":"summary_large_image","twitter_misc":{"Est. tempo de leitura":"3 minutos"},"schema":{"@context":"https:\/\/schema.org","@graph":[{"@type":"WebPage","@id":"https:\/\/codac.niteroi.rj.gov.br\/?page_id=321","url":"https:\/\/codac.niteroi.rj.gov.br\/?page_id=321","name":"A Subsecret\u00e1ria - Coordenadoria Municipal de Acessibilidade de Niter\u00f3i","isPartOf":{"@id":"https:\/\/codac.niteroi.rj.gov.br\/#website"},"datePublished":"2024-04-25T20:03:05+00:00","dateModified":"2025-04-14T20:32:06+00:00","breadcrumb":{"@id":"https:\/\/codac.niteroi.rj.gov.br\/?page_id=321#breadcrumb"},"inLanguage":"pt-BR","potentialAction":[{"@type":"ReadAction","target":["https:\/\/codac.niteroi.rj.gov.br\/?page_id=321"]}]},{"@type":"BreadcrumbList","@id":"https:\/\/codac.niteroi.rj.gov.br\/?page_id=321#breadcrumb","itemListElement":[{"@type":"ListItem","position":1,"name":"In\u00edcio","item":"https:\/\/codac.niteroi.rj.gov.br\/"},{"@type":"ListItem","position":2,"name":"A Subsecret\u00e1ria"}]},{"@type":"WebSite","@id":"https:\/\/codac.niteroi.rj.gov.br\/#website","url":"https:\/\/codac.niteroi.rj.gov.br\/","name":"Coordenadoria Municipal de Acessibilidade de Niter\u00f3i","description":"Acessibilidade Sem Limites","publisher":{"@id":"https:\/\/codac.niteroi.rj.gov.br\/#organization"},"potentialAction":[{"@type":"SearchAction","target":{"@type":"EntryPoint","urlTemplate":"https:\/\/codac.niteroi.rj.gov.br\/?s={search_term_string}"},"query-input":{"@type":"PropertyValueSpecification","valueRequired":true,"valueName":"search_term_string"}}],"inLanguage":"pt-BR"},{"@type":"Organization","@id":"https:\/\/codac.niteroi.rj.gov.br\/#organization","name":"Coordenadoria Municipal de Acessibilidade de Niter\u00f3i","url":"https:\/\/codac.niteroi.rj.gov.br\/","logo":{"@type":"ImageObject","inLanguage":"pt-BR","@id":"https:\/\/codac.niteroi.rj.gov.br\/#\/schema\/logo\/image\/","url":"https:\/\/codac.niteroi.rj.gov.br\/wp-content\/uploads\/2024\/12\/pap-bg.jpg","contentUrl":"https:\/\/codac.niteroi.rj.gov.br\/wp-content\/uploads\/2024\/12\/pap-bg.jpg","width":1600,"height":915,"caption":"Coordenadoria Municipal de Acessibilidade de Niter\u00f3i"},"image":{"@id":"https:\/\/codac.niteroi.rj.gov.br\/#\/schema\/logo\/image\/"}}]}},"_links":{"self":[{"href":"https:\/\/codac.niteroi.rj.gov.br\/index.php?rest_route=\/wp\/v2\/pages\/321","targetHints":{"allow":["GET"]}}],"collection":[{"href":"https:\/\/codac.niteroi.rj.gov.br\/index.php?rest_route=\/wp\/v2\/pages"}],"about":[{"href":"https:\/\/codac.niteroi.rj.gov.br\/index.php?rest_route=\/wp\/v2\/types\/page"}],"author":[{"embeddable":true,"href":"https:\/\/codac.niteroi.rj.gov.br\/index.php?rest_route=\/wp\/v2\/users\/1"}],"replies":[{"embeddable":true,"href":"https:\/\/codac.niteroi.rj.gov.br\/index.php?rest_route=%2Fwp%2Fv2%2Fcomments&post=321"}],"version-history":[{"count":6,"href":"https:\/\/codac.niteroi.rj.gov.br\/index.php?rest_route=\/wp\/v2\/pages\/321\/revisions"}],"predecessor-version":[{"id":548,"href":"https:\/\/codac.niteroi.rj.gov.br\/index.php?rest_route=\/wp\/v2\/pages\/321\/revisions\/548"}],"wp:attachment":[{"href":"https:\/\/codac.niteroi.rj.gov.br\/index.php?rest_route=%2Fwp%2Fv2%2Fmedia&parent=321"}],"curies":[{"name":"wp","href":"https:\/\/api.w.org\/{rel}","templated":true}]}}