{"id":270,"date":"2024-04-02T10:50:56","date_gmt":"2024-04-02T13:50:56","guid":{"rendered":"http:\/\/smac.niteroi.rj.gov.br\/?page_id=270"},"modified":"2024-04-02T11:19:42","modified_gmt":"2024-04-02T14:19:42","slug":"instituicoes","status":"publish","type":"page","link":"https:\/\/codac.niteroi.rj.gov.br\/?page_id=270","title":{"rendered":"Institui\u00e7\u00f5es"},"content":{"rendered":"<p>[et_pb_section fb_built=&#8221;1&#8243; fullwidth=&#8221;on&#8221; _builder_version=&#8221;4.23.4&#8243; _module_preset=&#8221;default&#8221; global_colors_info=&#8221;{}&#8221;][et_pb_fullwidth_post_title meta=&#8221;off&#8221; featured_image=&#8221;off&#8221; _builder_version=&#8221;4.23.4&#8243; _module_preset=&#8221;default&#8221; title_font=&#8221;|800|||||||&#8221; title_text_color=&#8221;#F58220&#8243; text_orientation=&#8221;center&#8221; custom_padding=&#8221;30px||20px||false|false&#8221; border_width_bottom=&#8221;1px&#8221; border_color_bottom=&#8221;rgba(0,0,0,0.2)&#8221; global_colors_info=&#8221;{}&#8221;][\/et_pb_fullwidth_post_title][\/et_pb_section][et_pb_section fb_built=&#8221;1&#8243; _builder_version=&#8221;4.23.4&#8243; _module_preset=&#8221;default&#8221; custom_padding=&#8221;0px||||false|false&#8221; global_colors_info=&#8221;{}&#8221;][et_pb_row column_structure=&#8221;1_3,2_3&#8243; _builder_version=&#8221;4.23.4&#8243; _module_preset=&#8221;default&#8221; hover_enabled=&#8221;0&#8243; global_colors_info=&#8221;{}&#8221; border_width_bottom=&#8221;1px&#8221; border_color_bottom=&#8221;rgba(0,0,0,0.2)&#8221; sticky_enabled=&#8221;0&#8243;][et_pb_column type=&#8221;1_3&#8243; _builder_version=&#8221;4.23.4&#8243; _module_preset=&#8221;default&#8221; global_colors_info=&#8221;{}&#8221;][et_pb_image src=&#8221;http:\/\/smac.niteroi.rj.gov.br\/wp-content\/uploads\/2024\/04\/afr.jpg&#8221; _builder_version=&#8221;4.23.4&#8243; _module_preset=&#8221;default&#8221; title_text=&#8221;afr&#8221; hover_enabled=&#8221;0&#8243; sticky_enabled=&#8221;0&#8243;][\/et_pb_image][\/et_pb_column][et_pb_column type=&#8221;2_3&#8243; _builder_version=&#8221;4.23.4&#8243; _module_preset=&#8221;default&#8221; global_colors_info=&#8221;{}&#8221;][et_pb_text _builder_version=&#8221;4.23.4&#8243; _module_preset=&#8221;default&#8221; text_font_size=&#8221;16px&#8221; header_3_font=&#8221;|700|||||||&#8221; header_3_text_color=&#8221;#F58220&#8243; header_4_font=&#8221;|700|||||||&#8221; header_4_text_color=&#8221;#F58220&#8243; hover_enabled=&#8221;0&#8243; global_colors_info=&#8221;{}&#8221; sticky_enabled=&#8221;0&#8243;]<\/p>\n<h4>Associa\u00e7\u00e3o Fluminense de Reabilita\u00e7\u00e3o (AFR)<\/h4>\n<p><i class=\"fa-solid fa-location-dot\"><\/i> Rua Lopes Trov\u00e3o, 301 Niter\u00f3i \u2013 RJ &#8211; Brasil | CEP &#8211; 24.220-070<\/p>\n<p><i class=\"fa-solid fa-phone\"><\/i> (21) 2109-2626<strong><a href=\"https:\/\/www.afr.org.br\/\"><\/a><\/strong><\/p>\n<p><i class=\"fa-solid fa-globe\"><\/i> <a href=\"https:\/\/www.afr.org.br\/\">https:\/\/www.afr.org.br\/<\/a>[\/et_pb_text][\/et_pb_column][\/et_pb_row][et_pb_row column_structure=&#8221;1_3,2_3&#8243; _builder_version=&#8221;4.23.4&#8243; _module_preset=&#8221;default&#8221; hover_enabled=&#8221;0&#8243; global_colors_info=&#8221;{}&#8221; border_width_bottom=&#8221;1px&#8221; border_color_bottom=&#8221;rgba(0,0,0,0.2)&#8221; sticky_enabled=&#8221;0&#8243;][et_pb_column type=&#8221;1_3&#8243; _builder_version=&#8221;4.23.4&#8243; _module_preset=&#8221;default&#8221; global_colors_info=&#8221;{}&#8221;][et_pb_image src=&#8221;http:\/\/smac.niteroi.rj.gov.br\/wp-content\/uploads\/2024\/04\/pestalozzi.jpg&#8221; _builder_version=&#8221;4.23.4&#8243; _module_preset=&#8221;default&#8221; title_text=&#8221;pestalozzi&#8221; hover_enabled=&#8221;0&#8243; sticky_enabled=&#8221;0&#8243;][\/et_pb_image][\/et_pb_column][et_pb_column type=&#8221;2_3&#8243; _builder_version=&#8221;4.23.4&#8243; _module_preset=&#8221;default&#8221; global_colors_info=&#8221;{}&#8221;][et_pb_text _builder_version=&#8221;4.23.4&#8243; _module_preset=&#8221;default&#8221; text_font_size=&#8221;16px&#8221; header_3_font=&#8221;|700|||||||&#8221; header_3_text_color=&#8221;#F58220&#8243; header_4_font=&#8221;|700|||||||&#8221; header_4_text_color=&#8221;#F58220&#8243; hover_enabled=&#8221;0&#8243; global_colors_info=&#8221;{}&#8221; sticky_enabled=&#8221;0&#8243;]<\/p>\n<h4>Associa\u00e7\u00e3o Pestalozzi de Niter\u00f3i<\/h4>\n<p><i class=\"fa-solid fa-location-dot\"><\/i> Estrada Caetano Monteiro, 857 &#8211; Pendotiba &#8211; Niter\u00f3i &#8211; RJ &#8211; Brasil | CEP &#8211; 24.320-570<\/p>\n<p><i class=\"fa-solid fa-phone\"><\/i> (21) 2199-4400<strong><\/strong><\/p>\n<p><i class=\"fa-solid fa-envelope\"><\/i> <a href=\"mailto:pestalozzi@pestalozzi.org.br\">pestalozzi@pestalozzi.org.br<\/a> <a href=\"https:\/\/pestalozzi.org.br\/\"><\/a><\/p>\n<p><i class=\"fa-solid fa-globe\"><\/i> <a href=\"https:\/\/pestalozzi.org.br\/\">https:\/\/pestalozzi.org.br\/<\/a>[\/et_pb_text][\/et_pb_column][\/et_pb_row][et_pb_row column_structure=&#8221;1_3,2_3&#8243; _builder_version=&#8221;4.23.4&#8243; _module_preset=&#8221;default&#8221; hover_enabled=&#8221;0&#8243; global_colors_info=&#8221;{}&#8221; border_width_bottom=&#8221;1px&#8221; border_color_bottom=&#8221;rgba(0,0,0,0.2)&#8221; sticky_enabled=&#8221;0&#8243;][et_pb_column type=&#8221;1_3&#8243; _builder_version=&#8221;4.23.4&#8243; _module_preset=&#8221;default&#8221; global_colors_info=&#8221;{}&#8221;][et_pb_image src=&#8221;http:\/\/smac.niteroi.rj.gov.br\/wp-content\/uploads\/2024\/04\/apae.jpg&#8221; _builder_version=&#8221;4.23.4&#8243; _module_preset=&#8221;default&#8221; title_text=&#8221;apae&#8221; hover_enabled=&#8221;0&#8243; sticky_enabled=&#8221;0&#8243;][\/et_pb_image][\/et_pb_column][et_pb_column type=&#8221;2_3&#8243; _builder_version=&#8221;4.23.4&#8243; _module_preset=&#8221;default&#8221; global_colors_info=&#8221;{}&#8221;][et_pb_text _builder_version=&#8221;4.23.4&#8243; _module_preset=&#8221;default&#8221; text_font_size=&#8221;16px&#8221; header_3_font=&#8221;|700|||||||&#8221; header_3_text_color=&#8221;#F58220&#8243; header_4_font=&#8221;|700|||||||&#8221; header_4_text_color=&#8221;#F58220&#8243; hover_enabled=&#8221;0&#8243; global_colors_info=&#8221;{}&#8221; sticky_enabled=&#8221;0&#8243;]<\/p>\n<h4>APAE Niter\u00f3i<\/h4>\n<p><i class=\"fa-solid fa-location-dot\"><\/i> Rua Professor Ismael Coutinho, s\/n \u2013 CEP: 24020098 \u2013 Niter\u00f3i, RJ, Brasil<\/p>\n<p><i class=\"fa-solid fa-phone\"><\/i>(21) 2717-7152 | 99959-1681 <strong><\/strong><\/p>\n<p><i class=\"fa-solid fa-envelope\"><\/i> <a href=\"mailto:niteroi.rj@apaebrasil.org.br\">niteroi.rj@apaebrasil.org.br<\/a><\/p>\n<p><i class=\"fa-solid fa-globe\"><\/i> <a href=\"https:\/\/apaeniteroi.org.br\/\">https:\/\/apaeniteroi.org.br\/<\/a>[\/et_pb_text][\/et_pb_column][\/et_pb_row][et_pb_row column_structure=&#8221;1_3,2_3&#8243; _builder_version=&#8221;4.23.4&#8243; _module_preset=&#8221;default&#8221; hover_enabled=&#8221;0&#8243; global_colors_info=&#8221;{}&#8221; border_width_bottom=&#8221;1px&#8221; border_color_bottom=&#8221;rgba(0,0,0,0.2)&#8221; sticky_enabled=&#8221;0&#8243;][et_pb_column type=&#8221;1_3&#8243; _builder_version=&#8221;4.23.4&#8243; _module_preset=&#8221;default&#8221; global_colors_info=&#8221;{}&#8221;][et_pb_image src=&#8221;http:\/\/smac.niteroi.rj.gov.br\/wp-content\/uploads\/2024\/04\/andef.jpg&#8221; _builder_version=&#8221;4.23.4&#8243; _module_preset=&#8221;default&#8221; title_text=&#8221;andef&#8221; hover_enabled=&#8221;0&#8243; sticky_enabled=&#8221;0&#8243;][\/et_pb_image][\/et_pb_column][et_pb_column type=&#8221;2_3&#8243; _builder_version=&#8221;4.23.4&#8243; _module_preset=&#8221;default&#8221; global_colors_info=&#8221;{}&#8221;][et_pb_text _builder_version=&#8221;4.23.4&#8243; _module_preset=&#8221;default&#8221; text_font_size=&#8221;16px&#8221; header_3_font=&#8221;|700|||||||&#8221; header_3_text_color=&#8221;#F58220&#8243; header_4_font=&#8221;|700|||||||&#8221; header_4_text_color=&#8221;#F58220&#8243; hover_enabled=&#8221;0&#8243; global_colors_info=&#8221;{}&#8221; sticky_enabled=&#8221;0&#8243;]<\/p>\n<h4>Associa\u00e7\u00e3o Niteroiense dos Deficientes F\u00edsicos (ANDEF)<\/h4>\n<p><i class=\"fa-solid fa-location-dot\"><\/i> Rod. Prefeito Jo\u00e3o Sampaio 4830 &#8211; Rio do Ouro &#8211; Niter\u00f3i &#8211; RJ &#8211; CEP: 24.330-000<\/p>\n<p><i class=\"fa-solid fa-phone\"><\/i>(21) 3262-0050<strong><\/strong><\/p>\n<p><i class=\"fa-solid fa-envelope\"><\/i> <a href=\"mailto:andef@andef.org.br\">andef@andef.org.br<\/a><\/p>\n<p><i class=\"fa-solid fa-globe\"><\/i> <a href=\"https:\/\/www.andef.org.br\/\">https:\/\/www.andef.org.br<\/a>[\/et_pb_text][\/et_pb_column][\/et_pb_row][et_pb_row column_structure=&#8221;1_3,2_3&#8243; _builder_version=&#8221;4.23.4&#8243; _module_preset=&#8221;default&#8221; hover_enabled=&#8221;0&#8243; global_colors_info=&#8221;{}&#8221; border_width_bottom=&#8221;1px&#8221; border_color_bottom=&#8221;rgba(0,0,0,0.2)&#8221; sticky_enabled=&#8221;0&#8243;][et_pb_column type=&#8221;1_3&#8243; _builder_version=&#8221;4.23.4&#8243; _module_preset=&#8221;default&#8221; global_colors_info=&#8221;{}&#8221;][et_pb_image src=&#8221;http:\/\/smac.niteroi.rj.gov.br\/wp-content\/uploads\/2024\/04\/AFAC.jpg&#8221; _builder_version=&#8221;4.23.4&#8243; _module_preset=&#8221;default&#8221; title_text=&#8221;AFAC&#8221; hover_enabled=&#8221;0&#8243; sticky_enabled=&#8221;0&#8243;][\/et_pb_image][\/et_pb_column][et_pb_column type=&#8221;2_3&#8243; _builder_version=&#8221;4.23.4&#8243; _module_preset=&#8221;default&#8221; global_colors_info=&#8221;{}&#8221;][et_pb_text _builder_version=&#8221;4.23.4&#8243; _module_preset=&#8221;default&#8221; text_font_size=&#8221;16px&#8221; header_3_font=&#8221;|700|||||||&#8221; header_3_text_color=&#8221;#F58220&#8243; header_4_font=&#8221;|700|||||||&#8221; header_4_text_color=&#8221;#F58220&#8243; hover_enabled=&#8221;0&#8243; global_colors_info=&#8221;{}&#8221; sticky_enabled=&#8221;0&#8243;]<\/p>\n<h4>AFAC &#8211; Associa\u00e7\u00e3o Fluminense de Amparo aos Cegos<\/h4>\n<p><i class=\"fa-solid fa-location-dot\"><\/i> R. Padre Leandro, 18 &#8211; Fonseca, Niter\u00f3i &#8211; RJ, 24120-135 <\/p>\n<p><i class=\"fa-solid fa-phone\"><\/i>(21) 2717-2822<strong><\/strong><\/p>\n<p><i class=\"fa-solid fa-globe\"><\/i> <a href=\"https:\/\/www.afac.org.br\/\">https:\/\/www.afac.org.br\/<\/a>[\/et_pb_text][\/et_pb_column][\/et_pb_row][et_pb_row column_structure=&#8221;1_3,2_3&#8243; _builder_version=&#8221;4.23.4&#8243; _module_preset=&#8221;default&#8221; hover_enabled=&#8221;0&#8243; global_colors_info=&#8221;{}&#8221; border_width_bottom=&#8221;1px&#8221; border_color_bottom=&#8221;rgba(0,0,0,0.2)&#8221; sticky_enabled=&#8221;0&#8243;][et_pb_column type=&#8221;1_3&#8243; _builder_version=&#8221;4.23.4&#8243; _module_preset=&#8221;default&#8221; global_colors_info=&#8221;{}&#8221;][et_pb_image src=&#8221;http:\/\/smac.niteroi.rj.gov.br\/wp-content\/uploads\/2024\/04\/apada.jpg&#8221; _builder_version=&#8221;4.23.4&#8243; _module_preset=&#8221;default&#8221; title_text=&#8221;apada&#8221; hover_enabled=&#8221;0&#8243; sticky_enabled=&#8221;0&#8243;][\/et_pb_image][\/et_pb_column][et_pb_column type=&#8221;2_3&#8243; _builder_version=&#8221;4.23.4&#8243; _module_preset=&#8221;default&#8221; global_colors_info=&#8221;{}&#8221;][et_pb_text _builder_version=&#8221;4.23.4&#8243; _module_preset=&#8221;default&#8221; text_font_size=&#8221;16px&#8221; header_3_font=&#8221;|700|||||||&#8221; header_3_text_color=&#8221;#F58220&#8243; header_4_font=&#8221;|700|||||||&#8221; header_4_text_color=&#8221;#F58220&#8243; hover_enabled=&#8221;0&#8243; global_colors_info=&#8221;{}&#8221; sticky_enabled=&#8221;0&#8243;]<\/p>\n<h4>APADA &#8211; Associa\u00e7\u00e3o de Pais e Amigos dos Deficientes Auditivos<\/h4>\n<p><i class=\"fa-solid fa-location-dot\"><\/i> R. Gen. Andrade Neves, 307 &#8211; S\u00e3o Domingos, Niter\u00f3i &#8211; RJ, 24210-001 <\/p>\n<p><i class=\"fa-solid fa-phone\"><\/i>(21) 2621-2080<strong><\/strong><\/p>\n<p><i class=\"fa-solid fa-envelope\"><\/i> <a href=\"mailto:contatoapadanit@gmail.com\">contatoapadanit@gmail.com<\/a>[\/et_pb_text][\/et_pb_column][\/et_pb_row][et_pb_row column_structure=&#8221;1_3,2_3&#8243; _builder_version=&#8221;4.23.4&#8243; _module_preset=&#8221;default&#8221; hover_enabled=&#8221;0&#8243; global_colors_info=&#8221;{}&#8221; border_width_bottom=&#8221;1px&#8221; border_color_bottom=&#8221;rgba(0,0,0,0.2)&#8221; sticky_enabled=&#8221;0&#8243;][et_pb_column type=&#8221;1_3&#8243; _builder_version=&#8221;4.23.4&#8243; _module_preset=&#8221;default&#8221; global_colors_info=&#8221;{}&#8221;][et_pb_image src=&#8221;http:\/\/smac.niteroi.rj.gov.br\/wp-content\/uploads\/2024\/04\/casa-rara.jpg&#8221; _builder_version=&#8221;4.23.4&#8243; _module_preset=&#8221;default&#8221; title_text=&#8221;casa-rara&#8221; hover_enabled=&#8221;0&#8243; sticky_enabled=&#8221;0&#8243;][\/et_pb_image][\/et_pb_column][et_pb_column type=&#8221;2_3&#8243; _builder_version=&#8221;4.23.4&#8243; _module_preset=&#8221;default&#8221; global_colors_info=&#8221;{}&#8221;][et_pb_text _builder_version=&#8221;4.23.4&#8243; _module_preset=&#8221;default&#8221; text_font_size=&#8221;16px&#8221; header_3_font=&#8221;|700|||||||&#8221; header_3_text_color=&#8221;#F58220&#8243; header_4_font=&#8221;|700|||||||&#8221; header_4_text_color=&#8221;#F58220&#8243; hover_enabled=&#8221;0&#8243; global_colors_info=&#8221;{}&#8221; sticky_enabled=&#8221;0&#8243;]<\/p>\n<h4>Casa At\u00edpica e Casa Rara <\/h4>\n<p><i class=\"fa-solid fa-location-dot\"><\/i> Rua Duarte Galv\u00e3o,17 Fonseca<\/p>\n<p><i class=\"fa-solid fa-phone\"><\/i>(21) 2607-2552 | (21)98106-9961<strong><\/strong><\/p>\n<p><i class=\"fa-solid fa-envelope\"><\/i> <a href=\"mailto:casa.atipicaa@gmail.com\">casa.atipicaa@gmail.com<\/a>[\/et_pb_text][\/et_pb_column][\/et_pb_row][\/et_pb_section]<\/p>\n","protected":false},"excerpt":{"rendered":"<p>Associa\u00e7\u00e3o Fluminense de Reabilita\u00e7\u00e3o (AFR) Rua Lopes Trov\u00e3o, 301 Niter\u00f3i \u2013 RJ &#8211; Brasil | CEP &#8211; 24.220-070 (21) 2109-2626 https:\/\/www.afr.org.br\/Associa\u00e7\u00e3o Pestalozzi de Niter\u00f3i Estrada Caetano Monteiro, 857 &#8211; Pendotiba &#8211; Niter\u00f3i &#8211; RJ &#8211; Brasil | CEP &#8211; 24.320-570 (21) 2199-4400 pestalozzi@pestalozzi.org.br https:\/\/pestalozzi.org.br\/APAE Niter\u00f3i Rua Professor Ismael Coutinho, s\/n \u2013 CEP: 24020098 \u2013 Niter\u00f3i, [&hellip;]<\/p>\n","protected":false},"author":1,"featured_media":0,"parent":0,"menu_order":0,"comment_status":"closed","ping_status":"closed","template":"","meta":{"_et_pb_use_builder":"on","_et_pb_old_content":"","_et_gb_content_width":"","footnotes":""},"class_list":["post-270","page","type-page","status-publish","hentry"],"yoast_head":"<!-- This site is optimized with the Yoast SEO plugin v25.4 - https:\/\/yoast.com\/wordpress\/plugins\/seo\/ -->\n<title>Institui\u00e7\u00f5es - Coordenadoria Municipal de Acessibilidade de Niter\u00f3i<\/title>\n<meta name=\"robots\" content=\"index, follow, max-snippet:-1, max-image-preview:large, max-video-preview:-1\" \/>\n<link rel=\"canonical\" href=\"https:\/\/codac.niteroi.rj.gov.br\/?page_id=270\" \/>\n<meta property=\"og:locale\" content=\"pt_BR\" \/>\n<meta property=\"og:type\" content=\"article\" \/>\n<meta property=\"og:title\" content=\"Institui\u00e7\u00f5es - Coordenadoria Municipal de Acessibilidade de Niter\u00f3i\" \/>\n<meta property=\"og:description\" content=\"Associa\u00e7\u00e3o Fluminense de Reabilita\u00e7\u00e3o (AFR) Rua Lopes Trov\u00e3o, 301 Niter\u00f3i \u2013 RJ - Brasil | CEP - 24.220-070 (21) 2109-2626 https:\/\/www.afr.org.br\/Associa\u00e7\u00e3o Pestalozzi de Niter\u00f3i Estrada Caetano Monteiro, 857 - Pendotiba - Niter\u00f3i - RJ - Brasil | CEP - 24.320-570 (21) 2199-4400 pestalozzi@pestalozzi.org.br https:\/\/pestalozzi.org.br\/APAE Niter\u00f3i Rua Professor Ismael Coutinho, s\/n \u2013 CEP: 24020098 \u2013 Niter\u00f3i, [&hellip;]\" \/>\n<meta property=\"og:url\" content=\"https:\/\/codac.niteroi.rj.gov.br\/?page_id=270\" \/>\n<meta property=\"og:site_name\" content=\"Coordenadoria Municipal de Acessibilidade de Niter\u00f3i\" \/>\n<meta property=\"article:modified_time\" content=\"2024-04-02T14:19:42+00:00\" \/>\n<meta name=\"twitter:card\" content=\"summary_large_image\" \/>\n<meta name=\"twitter:label1\" content=\"Est. tempo de leitura\" \/>\n\t<meta name=\"twitter:data1\" content=\"6 minutos\" \/>\n<script type=\"application\/ld+json\" class=\"yoast-schema-graph\">{\"@context\":\"https:\/\/schema.org\",\"@graph\":[{\"@type\":\"WebPage\",\"@id\":\"https:\/\/codac.niteroi.rj.gov.br\/?page_id=270\",\"url\":\"https:\/\/codac.niteroi.rj.gov.br\/?page_id=270\",\"name\":\"Institui\u00e7\u00f5es - Coordenadoria Municipal de Acessibilidade de Niter\u00f3i\",\"isPartOf\":{\"@id\":\"https:\/\/codac.niteroi.rj.gov.br\/#website\"},\"datePublished\":\"2024-04-02T13:50:56+00:00\",\"dateModified\":\"2024-04-02T14:19:42+00:00\",\"breadcrumb\":{\"@id\":\"https:\/\/codac.niteroi.rj.gov.br\/?page_id=270#breadcrumb\"},\"inLanguage\":\"pt-BR\",\"potentialAction\":[{\"@type\":\"ReadAction\",\"target\":[\"https:\/\/codac.niteroi.rj.gov.br\/?page_id=270\"]}]},{\"@type\":\"BreadcrumbList\",\"@id\":\"https:\/\/codac.niteroi.rj.gov.br\/?page_id=270#breadcrumb\",\"itemListElement\":[{\"@type\":\"ListItem\",\"position\":1,\"name\":\"In\u00edcio\",\"item\":\"https:\/\/codac.niteroi.rj.gov.br\/\"},{\"@type\":\"ListItem\",\"position\":2,\"name\":\"Institui\u00e7\u00f5es\"}]},{\"@type\":\"WebSite\",\"@id\":\"https:\/\/codac.niteroi.rj.gov.br\/#website\",\"url\":\"https:\/\/codac.niteroi.rj.gov.br\/\",\"name\":\"Coordenadoria Municipal de Acessibilidade de Niter\u00f3i\",\"description\":\"Acessibilidade Sem Limites\",\"publisher\":{\"@id\":\"https:\/\/codac.niteroi.rj.gov.br\/#organization\"},\"potentialAction\":[{\"@type\":\"SearchAction\",\"target\":{\"@type\":\"EntryPoint\",\"urlTemplate\":\"https:\/\/codac.niteroi.rj.gov.br\/?s={search_term_string}\"},\"query-input\":{\"@type\":\"PropertyValueSpecification\",\"valueRequired\":true,\"valueName\":\"search_term_string\"}}],\"inLanguage\":\"pt-BR\"},{\"@type\":\"Organization\",\"@id\":\"https:\/\/codac.niteroi.rj.gov.br\/#organization\",\"name\":\"Coordenadoria Municipal de Acessibilidade de Niter\u00f3i\",\"url\":\"https:\/\/codac.niteroi.rj.gov.br\/\",\"logo\":{\"@type\":\"ImageObject\",\"inLanguage\":\"pt-BR\",\"@id\":\"https:\/\/codac.niteroi.rj.gov.br\/#\/schema\/logo\/image\/\",\"url\":\"https:\/\/codac.niteroi.rj.gov.br\/wp-content\/uploads\/2024\/12\/pap-bg.jpg\",\"contentUrl\":\"https:\/\/codac.niteroi.rj.gov.br\/wp-content\/uploads\/2024\/12\/pap-bg.jpg\",\"width\":1600,\"height\":915,\"caption\":\"Coordenadoria Municipal de Acessibilidade de Niter\u00f3i\"},\"image\":{\"@id\":\"https:\/\/codac.niteroi.rj.gov.br\/#\/schema\/logo\/image\/\"}}]}<\/script>\n<!-- \/ Yoast SEO plugin. -->","yoast_head_json":{"title":"Institui\u00e7\u00f5es - Coordenadoria Municipal de Acessibilidade de Niter\u00f3i","robots":{"index":"index","follow":"follow","max-snippet":"max-snippet:-1","max-image-preview":"max-image-preview:large","max-video-preview":"max-video-preview:-1"},"canonical":"https:\/\/codac.niteroi.rj.gov.br\/?page_id=270","og_locale":"pt_BR","og_type":"article","og_title":"Institui\u00e7\u00f5es - Coordenadoria Municipal de Acessibilidade de Niter\u00f3i","og_description":"Associa\u00e7\u00e3o Fluminense de Reabilita\u00e7\u00e3o (AFR) Rua Lopes Trov\u00e3o, 301 Niter\u00f3i \u2013 RJ - Brasil | CEP - 24.220-070 (21) 2109-2626 https:\/\/www.afr.org.br\/Associa\u00e7\u00e3o Pestalozzi de Niter\u00f3i Estrada Caetano Monteiro, 857 - Pendotiba - Niter\u00f3i - RJ - Brasil | CEP - 24.320-570 (21) 2199-4400 pestalozzi@pestalozzi.org.br https:\/\/pestalozzi.org.br\/APAE Niter\u00f3i Rua Professor Ismael Coutinho, s\/n \u2013 CEP: 24020098 \u2013 Niter\u00f3i, [&hellip;]","og_url":"https:\/\/codac.niteroi.rj.gov.br\/?page_id=270","og_site_name":"Coordenadoria Municipal de Acessibilidade de Niter\u00f3i","article_modified_time":"2024-04-02T14:19:42+00:00","twitter_card":"summary_large_image","twitter_misc":{"Est. tempo de leitura":"6 minutos"},"schema":{"@context":"https:\/\/schema.org","@graph":[{"@type":"WebPage","@id":"https:\/\/codac.niteroi.rj.gov.br\/?page_id=270","url":"https:\/\/codac.niteroi.rj.gov.br\/?page_id=270","name":"Institui\u00e7\u00f5es - Coordenadoria Municipal de Acessibilidade de Niter\u00f3i","isPartOf":{"@id":"https:\/\/codac.niteroi.rj.gov.br\/#website"},"datePublished":"2024-04-02T13:50:56+00:00","dateModified":"2024-04-02T14:19:42+00:00","breadcrumb":{"@id":"https:\/\/codac.niteroi.rj.gov.br\/?page_id=270#breadcrumb"},"inLanguage":"pt-BR","potentialAction":[{"@type":"ReadAction","target":["https:\/\/codac.niteroi.rj.gov.br\/?page_id=270"]}]},{"@type":"BreadcrumbList","@id":"https:\/\/codac.niteroi.rj.gov.br\/?page_id=270#breadcrumb","itemListElement":[{"@type":"ListItem","position":1,"name":"In\u00edcio","item":"https:\/\/codac.niteroi.rj.gov.br\/"},{"@type":"ListItem","position":2,"name":"Institui\u00e7\u00f5es"}]},{"@type":"WebSite","@id":"https:\/\/codac.niteroi.rj.gov.br\/#website","url":"https:\/\/codac.niteroi.rj.gov.br\/","name":"Coordenadoria Municipal de Acessibilidade de Niter\u00f3i","description":"Acessibilidade Sem Limites","publisher":{"@id":"https:\/\/codac.niteroi.rj.gov.br\/#organization"},"potentialAction":[{"@type":"SearchAction","target":{"@type":"EntryPoint","urlTemplate":"https:\/\/codac.niteroi.rj.gov.br\/?s={search_term_string}"},"query-input":{"@type":"PropertyValueSpecification","valueRequired":true,"valueName":"search_term_string"}}],"inLanguage":"pt-BR"},{"@type":"Organization","@id":"https:\/\/codac.niteroi.rj.gov.br\/#organization","name":"Coordenadoria Municipal de Acessibilidade de Niter\u00f3i","url":"https:\/\/codac.niteroi.rj.gov.br\/","logo":{"@type":"ImageObject","inLanguage":"pt-BR","@id":"https:\/\/codac.niteroi.rj.gov.br\/#\/schema\/logo\/image\/","url":"https:\/\/codac.niteroi.rj.gov.br\/wp-content\/uploads\/2024\/12\/pap-bg.jpg","contentUrl":"https:\/\/codac.niteroi.rj.gov.br\/wp-content\/uploads\/2024\/12\/pap-bg.jpg","width":1600,"height":915,"caption":"Coordenadoria Municipal de Acessibilidade de Niter\u00f3i"},"image":{"@id":"https:\/\/codac.niteroi.rj.gov.br\/#\/schema\/logo\/image\/"}}]}},"_links":{"self":[{"href":"https:\/\/codac.niteroi.rj.gov.br\/index.php?rest_route=\/wp\/v2\/pages\/270","targetHints":{"allow":["GET"]}}],"collection":[{"href":"https:\/\/codac.niteroi.rj.gov.br\/index.php?rest_route=\/wp\/v2\/pages"}],"about":[{"href":"https:\/\/codac.niteroi.rj.gov.br\/index.php?rest_route=\/wp\/v2\/types\/page"}],"author":[{"embeddable":true,"href":"https:\/\/codac.niteroi.rj.gov.br\/index.php?rest_route=\/wp\/v2\/users\/1"}],"replies":[{"embeddable":true,"href":"https:\/\/codac.niteroi.rj.gov.br\/index.php?rest_route=%2Fwp%2Fv2%2Fcomments&post=270"}],"version-history":[{"count":3,"href":"https:\/\/codac.niteroi.rj.gov.br\/index.php?rest_route=\/wp\/v2\/pages\/270\/revisions"}],"predecessor-version":[{"id":284,"href":"https:\/\/codac.niteroi.rj.gov.br\/index.php?rest_route=\/wp\/v2\/pages\/270\/revisions\/284"}],"wp:attachment":[{"href":"https:\/\/codac.niteroi.rj.gov.br\/index.php?rest_route=%2Fwp%2Fv2%2Fmedia&parent=270"}],"curies":[{"name":"wp","href":"https:\/\/api.w.org\/{rel}","templated":true}]}}