{"id":264,"date":"2024-04-02T10:48:26","date_gmt":"2024-04-02T13:48:26","guid":{"rendered":"http:\/\/smac.niteroi.rj.gov.br\/?page_id=264"},"modified":"2025-04-14T17:50:02","modified_gmt":"2025-04-14T20:50:02","slug":"barreiras-e-acessibilidade","status":"publish","type":"page","link":"https:\/\/codac.niteroi.rj.gov.br\/?page_id=264","title":{"rendered":"Barreiras e Acessibilidade"},"content":{"rendered":"<p>[et_pb_section fb_built=&#8221;1&#8243; fullwidth=&#8221;on&#8221; _builder_version=&#8221;4.23.4&#8243; _module_preset=&#8221;default&#8221; global_colors_info=&#8221;{}&#8221;][et_pb_fullwidth_post_title meta=&#8221;off&#8221; featured_image=&#8221;off&#8221; _builder_version=&#8221;4.23.4&#8243; _module_preset=&#8221;default&#8221; title_font=&#8221;|800|||||||&#8221; title_text_color=&#8221;#F58220&#8243; text_orientation=&#8221;center&#8221; custom_padding=&#8221;30px||20px||false|false&#8221; border_width_bottom=&#8221;1px&#8221; border_color_bottom=&#8221;rgba(0,0,0,0.2)&#8221; global_colors_info=&#8221;{}&#8221;][\/et_pb_fullwidth_post_title][\/et_pb_section][et_pb_section fb_built=&#8221;1&#8243; _builder_version=&#8221;4.23.4&#8243; _module_preset=&#8221;default&#8221; custom_padding=&#8221;0px||||false|false&#8221; global_colors_info=&#8221;{}&#8221;][et_pb_row column_structure=&#8221;1_5,3_5,1_5&#8243; _builder_version=&#8221;4.23.4&#8243; _module_preset=&#8221;default&#8221; global_colors_info=&#8221;{}&#8221;][et_pb_column type=&#8221;1_5&#8243; _builder_version=&#8221;4.23.4&#8243; _module_preset=&#8221;default&#8221; global_colors_info=&#8221;{}&#8221;][\/et_pb_column][et_pb_column type=&#8221;3_5&#8243; _builder_version=&#8221;4.23.4&#8243; _module_preset=&#8221;default&#8221; global_colors_info=&#8221;{}&#8221;][et_pb_text _builder_version=&#8221;4.23.4&#8243; _module_preset=&#8221;default&#8221; text_font_size=&#8221;16px&#8221; header_3_font=&#8221;|700|||||||&#8221; header_3_text_color=&#8221;#F58220&#8243; header_4_font=&#8221;|700|||||||&#8221; header_4_text_color=&#8221;#F58220&#8243; hover_enabled=&#8221;0&#8243; global_colors_info=&#8221;{}&#8221; text_orientation=&#8221;justified&#8221; sticky_enabled=&#8221;0&#8243;]<\/p>\n<p><strong>Segundo a LBI &#8211; Lei Brasileira de Inclus\u00e3o da Pessoa com Defici\u00eancia (Estatuto da Pessoa com Defici\u00eancia). LEI N\u00ba 13.146, DE 6 DE JULHO DE 2015.<\/strong><\/p>\n<p>Barreiras: qualquer entrave, obst\u00e1culo, atitude ou comportamento que limite ou impe\u00e7a a participa\u00e7\u00e3o social da pessoa, bem como o gozo, a frui\u00e7\u00e3o e o exerc\u00edcio de seus direitos \u00e0 acessibilidade, \u00e0 liberdade de movimento e de express\u00e3o, \u00e0 comunica\u00e7\u00e3o, ao acesso \u00e0 informa\u00e7\u00e3o, \u00e0 compreens\u00e3o, \u00e0 circula\u00e7\u00e3o com seguran\u00e7a, entre outros, classificadas em:<\/p>\n<ol>\n<li>a) barreiras urban\u00edsticas: as existentes nas vias e nos espa\u00e7os p\u00fablicos e privados abertos ao p\u00fablico ou de uso coletivo;<\/li>\n<li>b) barreiras arquitet\u00f4nicas: as existentes nos edif\u00edcios p\u00fablicos e privados;<\/li>\n<li>c) barreiras nos transportes: as existentes nos sistemas e meios de transportes;<\/li>\n<li>d) barreiras nas comunica\u00e7\u00f5es e na informa\u00e7\u00e3o: qualquer entrave, obst\u00e1culo, atitude ou comportamento que dificulte ou impossibilite a express\u00e3o ou o recebimento de mensagens e de informa\u00e7\u00f5es por interm\u00e9dio de sistemas de comunica\u00e7\u00e3o e de tecnologia da informa\u00e7\u00e3o;<\/li>\n<li>e) barreiras atitudinais: atitudes ou comportamentos que impe\u00e7am ou prejudiquem a participa\u00e7\u00e3o social da pessoa com defici\u00eancia em igualdade de condi\u00e7\u00f5es e oportunidades com as demais pessoas;<\/li>\n<li>f) barreiras tecnol\u00f3gicas: as que dificultam ou impedem o acesso da pessoa com defici\u00eancia \u00e0s tecnologias;<\/li>\n<\/ol>\n<p>&#8211; Acessibilidade Comunicacional<br \/>&#8211; Acessibilidade Arquitet\u00f4nica<br \/>&#8211; Acessibilidade Urban\u00edstica<br \/>&#8211; Acessibilidade nos transportes<br \/>&#8211; Acessibilidade tecnol\u00f3gica<br \/>&#8211; Acessibilidade Atitudinal<\/p>\n<p>[\/et_pb_text][\/et_pb_column][et_pb_column type=&#8221;1_5&#8243; _builder_version=&#8221;4.23.4&#8243; _module_preset=&#8221;default&#8221; global_colors_info=&#8221;{}&#8221;][\/et_pb_column][\/et_pb_row][\/et_pb_section]<\/p>\n","protected":false},"excerpt":{"rendered":"<p>Segundo a LBI &#8211; Lei Brasileira de Inclus\u00e3o da Pessoa com Defici\u00eancia (Estatuto da Pessoa com Defici\u00eancia). LEI N\u00ba 13.146, DE 6 DE JULHO DE 2015. Barreiras: qualquer entrave, obst\u00e1culo, atitude ou comportamento que limite ou impe\u00e7a a participa\u00e7\u00e3o social da pessoa, bem como o gozo, a frui\u00e7\u00e3o e o exerc\u00edcio de seus direitos \u00e0 [&hellip;]<\/p>\n","protected":false},"author":1,"featured_media":0,"parent":0,"menu_order":0,"comment_status":"closed","ping_status":"closed","template":"","meta":{"_et_pb_use_builder":"on","_et_pb_old_content":"","_et_gb_content_width":"","footnotes":""},"class_list":["post-264","page","type-page","status-publish","hentry"],"yoast_head":"<!-- This site is optimized with the Yoast SEO plugin v25.4 - https:\/\/yoast.com\/wordpress\/plugins\/seo\/ -->\n<title>Barreiras e Acessibilidade - Coordenadoria Municipal de Acessibilidade de Niter\u00f3i<\/title>\n<meta name=\"robots\" content=\"index, follow, max-snippet:-1, max-image-preview:large, max-video-preview:-1\" \/>\n<link rel=\"canonical\" href=\"https:\/\/codac.niteroi.rj.gov.br\/?page_id=264\" \/>\n<meta property=\"og:locale\" content=\"pt_BR\" \/>\n<meta property=\"og:type\" content=\"article\" \/>\n<meta property=\"og:title\" content=\"Barreiras e Acessibilidade - Coordenadoria Municipal de Acessibilidade de Niter\u00f3i\" \/>\n<meta property=\"og:description\" content=\"Segundo a LBI - Lei Brasileira de Inclus\u00e3o da Pessoa com Defici\u00eancia (Estatuto da Pessoa com Defici\u00eancia). LEI N\u00ba 13.146, DE 6 DE JULHO DE 2015. Barreiras: qualquer entrave, obst\u00e1culo, atitude ou comportamento que limite ou impe\u00e7a a participa\u00e7\u00e3o social da pessoa, bem como o gozo, a frui\u00e7\u00e3o e o exerc\u00edcio de seus direitos \u00e0 [&hellip;]\" \/>\n<meta property=\"og:url\" content=\"https:\/\/codac.niteroi.rj.gov.br\/?page_id=264\" \/>\n<meta property=\"og:site_name\" content=\"Coordenadoria Municipal de Acessibilidade de Niter\u00f3i\" \/>\n<meta property=\"article:modified_time\" content=\"2025-04-14T20:50:02+00:00\" \/>\n<meta name=\"twitter:card\" content=\"summary_large_image\" \/>\n<meta name=\"twitter:label1\" content=\"Est. tempo de leitura\" \/>\n\t<meta name=\"twitter:data1\" content=\"2 minutos\" \/>\n<script type=\"application\/ld+json\" class=\"yoast-schema-graph\">{\"@context\":\"https:\/\/schema.org\",\"@graph\":[{\"@type\":\"WebPage\",\"@id\":\"https:\/\/codac.niteroi.rj.gov.br\/?page_id=264\",\"url\":\"https:\/\/codac.niteroi.rj.gov.br\/?page_id=264\",\"name\":\"Barreiras e Acessibilidade - Coordenadoria Municipal de Acessibilidade de Niter\u00f3i\",\"isPartOf\":{\"@id\":\"https:\/\/codac.niteroi.rj.gov.br\/#website\"},\"datePublished\":\"2024-04-02T13:48:26+00:00\",\"dateModified\":\"2025-04-14T20:50:02+00:00\",\"breadcrumb\":{\"@id\":\"https:\/\/codac.niteroi.rj.gov.br\/?page_id=264#breadcrumb\"},\"inLanguage\":\"pt-BR\",\"potentialAction\":[{\"@type\":\"ReadAction\",\"target\":[\"https:\/\/codac.niteroi.rj.gov.br\/?page_id=264\"]}]},{\"@type\":\"BreadcrumbList\",\"@id\":\"https:\/\/codac.niteroi.rj.gov.br\/?page_id=264#breadcrumb\",\"itemListElement\":[{\"@type\":\"ListItem\",\"position\":1,\"name\":\"In\u00edcio\",\"item\":\"https:\/\/codac.niteroi.rj.gov.br\/\"},{\"@type\":\"ListItem\",\"position\":2,\"name\":\"Barreiras e Acessibilidade\"}]},{\"@type\":\"WebSite\",\"@id\":\"https:\/\/codac.niteroi.rj.gov.br\/#website\",\"url\":\"https:\/\/codac.niteroi.rj.gov.br\/\",\"name\":\"Coordenadoria Municipal de Acessibilidade de Niter\u00f3i\",\"description\":\"Acessibilidade Sem Limites\",\"publisher\":{\"@id\":\"https:\/\/codac.niteroi.rj.gov.br\/#organization\"},\"potentialAction\":[{\"@type\":\"SearchAction\",\"target\":{\"@type\":\"EntryPoint\",\"urlTemplate\":\"https:\/\/codac.niteroi.rj.gov.br\/?s={search_term_string}\"},\"query-input\":{\"@type\":\"PropertyValueSpecification\",\"valueRequired\":true,\"valueName\":\"search_term_string\"}}],\"inLanguage\":\"pt-BR\"},{\"@type\":\"Organization\",\"@id\":\"https:\/\/codac.niteroi.rj.gov.br\/#organization\",\"name\":\"Coordenadoria Municipal de Acessibilidade de Niter\u00f3i\",\"url\":\"https:\/\/codac.niteroi.rj.gov.br\/\",\"logo\":{\"@type\":\"ImageObject\",\"inLanguage\":\"pt-BR\",\"@id\":\"https:\/\/codac.niteroi.rj.gov.br\/#\/schema\/logo\/image\/\",\"url\":\"https:\/\/codac.niteroi.rj.gov.br\/wp-content\/uploads\/2024\/12\/pap-bg.jpg\",\"contentUrl\":\"https:\/\/codac.niteroi.rj.gov.br\/wp-content\/uploads\/2024\/12\/pap-bg.jpg\",\"width\":1600,\"height\":915,\"caption\":\"Coordenadoria Municipal de Acessibilidade de Niter\u00f3i\"},\"image\":{\"@id\":\"https:\/\/codac.niteroi.rj.gov.br\/#\/schema\/logo\/image\/\"}}]}<\/script>\n<!-- \/ Yoast SEO plugin. -->","yoast_head_json":{"title":"Barreiras e Acessibilidade - Coordenadoria Municipal de Acessibilidade de Niter\u00f3i","robots":{"index":"index","follow":"follow","max-snippet":"max-snippet:-1","max-image-preview":"max-image-preview:large","max-video-preview":"max-video-preview:-1"},"canonical":"https:\/\/codac.niteroi.rj.gov.br\/?page_id=264","og_locale":"pt_BR","og_type":"article","og_title":"Barreiras e Acessibilidade - Coordenadoria Municipal de Acessibilidade de Niter\u00f3i","og_description":"Segundo a LBI - Lei Brasileira de Inclus\u00e3o da Pessoa com Defici\u00eancia (Estatuto da Pessoa com Defici\u00eancia). LEI N\u00ba 13.146, DE 6 DE JULHO DE 2015. Barreiras: qualquer entrave, obst\u00e1culo, atitude ou comportamento que limite ou impe\u00e7a a participa\u00e7\u00e3o social da pessoa, bem como o gozo, a frui\u00e7\u00e3o e o exerc\u00edcio de seus direitos \u00e0 [&hellip;]","og_url":"https:\/\/codac.niteroi.rj.gov.br\/?page_id=264","og_site_name":"Coordenadoria Municipal de Acessibilidade de Niter\u00f3i","article_modified_time":"2025-04-14T20:50:02+00:00","twitter_card":"summary_large_image","twitter_misc":{"Est. tempo de leitura":"2 minutos"},"schema":{"@context":"https:\/\/schema.org","@graph":[{"@type":"WebPage","@id":"https:\/\/codac.niteroi.rj.gov.br\/?page_id=264","url":"https:\/\/codac.niteroi.rj.gov.br\/?page_id=264","name":"Barreiras e Acessibilidade - Coordenadoria Municipal de Acessibilidade de Niter\u00f3i","isPartOf":{"@id":"https:\/\/codac.niteroi.rj.gov.br\/#website"},"datePublished":"2024-04-02T13:48:26+00:00","dateModified":"2025-04-14T20:50:02+00:00","breadcrumb":{"@id":"https:\/\/codac.niteroi.rj.gov.br\/?page_id=264#breadcrumb"},"inLanguage":"pt-BR","potentialAction":[{"@type":"ReadAction","target":["https:\/\/codac.niteroi.rj.gov.br\/?page_id=264"]}]},{"@type":"BreadcrumbList","@id":"https:\/\/codac.niteroi.rj.gov.br\/?page_id=264#breadcrumb","itemListElement":[{"@type":"ListItem","position":1,"name":"In\u00edcio","item":"https:\/\/codac.niteroi.rj.gov.br\/"},{"@type":"ListItem","position":2,"name":"Barreiras e Acessibilidade"}]},{"@type":"WebSite","@id":"https:\/\/codac.niteroi.rj.gov.br\/#website","url":"https:\/\/codac.niteroi.rj.gov.br\/","name":"Coordenadoria Municipal de Acessibilidade de Niter\u00f3i","description":"Acessibilidade Sem Limites","publisher":{"@id":"https:\/\/codac.niteroi.rj.gov.br\/#organization"},"potentialAction":[{"@type":"SearchAction","target":{"@type":"EntryPoint","urlTemplate":"https:\/\/codac.niteroi.rj.gov.br\/?s={search_term_string}"},"query-input":{"@type":"PropertyValueSpecification","valueRequired":true,"valueName":"search_term_string"}}],"inLanguage":"pt-BR"},{"@type":"Organization","@id":"https:\/\/codac.niteroi.rj.gov.br\/#organization","name":"Coordenadoria Municipal de Acessibilidade de Niter\u00f3i","url":"https:\/\/codac.niteroi.rj.gov.br\/","logo":{"@type":"ImageObject","inLanguage":"pt-BR","@id":"https:\/\/codac.niteroi.rj.gov.br\/#\/schema\/logo\/image\/","url":"https:\/\/codac.niteroi.rj.gov.br\/wp-content\/uploads\/2024\/12\/pap-bg.jpg","contentUrl":"https:\/\/codac.niteroi.rj.gov.br\/wp-content\/uploads\/2024\/12\/pap-bg.jpg","width":1600,"height":915,"caption":"Coordenadoria Municipal de Acessibilidade de Niter\u00f3i"},"image":{"@id":"https:\/\/codac.niteroi.rj.gov.br\/#\/schema\/logo\/image\/"}}]}},"_links":{"self":[{"href":"https:\/\/codac.niteroi.rj.gov.br\/index.php?rest_route=\/wp\/v2\/pages\/264","targetHints":{"allow":["GET"]}}],"collection":[{"href":"https:\/\/codac.niteroi.rj.gov.br\/index.php?rest_route=\/wp\/v2\/pages"}],"about":[{"href":"https:\/\/codac.niteroi.rj.gov.br\/index.php?rest_route=\/wp\/v2\/types\/page"}],"author":[{"embeddable":true,"href":"https:\/\/codac.niteroi.rj.gov.br\/index.php?rest_route=\/wp\/v2\/users\/1"}],"replies":[{"embeddable":true,"href":"https:\/\/codac.niteroi.rj.gov.br\/index.php?rest_route=%2Fwp%2Fv2%2Fcomments&post=264"}],"version-history":[{"count":3,"href":"https:\/\/codac.niteroi.rj.gov.br\/index.php?rest_route=\/wp\/v2\/pages\/264\/revisions"}],"predecessor-version":[{"id":566,"href":"https:\/\/codac.niteroi.rj.gov.br\/index.php?rest_route=\/wp\/v2\/pages\/264\/revisions\/566"}],"wp:attachment":[{"href":"https:\/\/codac.niteroi.rj.gov.br\/index.php?rest_route=%2Fwp%2Fv2%2Fmedia&parent=264"}],"curies":[{"name":"wp","href":"https:\/\/api.w.org\/{rel}","templated":true}]}}