{"id":169,"date":"2024-04-02T09:30:59","date_gmt":"2024-04-02T12:30:59","guid":{"rendered":"http:\/\/smac.niteroi.rj.gov.br\/?page_id=169"},"modified":"2025-04-14T17:28:57","modified_gmt":"2025-04-14T20:28:57","slug":"estrutura","status":"publish","type":"page","link":"https:\/\/codac.niteroi.rj.gov.br\/?page_id=169","title":{"rendered":"Equipe"},"content":{"rendered":"<p>[et_pb_section fb_built=&#8221;1&#8243; fullwidth=&#8221;on&#8221; _builder_version=&#8221;4.23.4&#8243; _module_preset=&#8221;default&#8221; global_colors_info=&#8221;{}&#8221;][et_pb_fullwidth_post_title meta=&#8221;off&#8221; featured_image=&#8221;off&#8221; _builder_version=&#8221;4.23.4&#8243; _module_preset=&#8221;default&#8221; title_font=&#8221;|800|||||||&#8221; title_text_color=&#8221;#F58220&#8243; text_orientation=&#8221;center&#8221; custom_padding=&#8221;30px||20px||false|false&#8221; border_width_bottom=&#8221;1px&#8221; border_color_bottom=&#8221;rgba(0,0,0,0.2)&#8221; global_colors_info=&#8221;{}&#8221;][\/et_pb_fullwidth_post_title][\/et_pb_section][et_pb_section fb_built=&#8221;1&#8243; _builder_version=&#8221;4.23.4&#8243; _module_preset=&#8221;default&#8221; custom_padding=&#8221;0px||||false|false&#8221; global_colors_info=&#8221;{}&#8221;][et_pb_row column_structure=&#8221;1_5,3_5,1_5&#8243; _builder_version=&#8221;4.23.4&#8243; _module_preset=&#8221;default&#8221; global_colors_info=&#8221;{}&#8221;][et_pb_column type=&#8221;1_5&#8243; _builder_version=&#8221;4.23.4&#8243; _module_preset=&#8221;default&#8221; global_colors_info=&#8221;{}&#8221;][\/et_pb_column][et_pb_column type=&#8221;3_5&#8243; _builder_version=&#8221;4.23.4&#8243; _module_preset=&#8221;default&#8221; global_colors_info=&#8221;{}&#8221;][et_pb_text _builder_version=&#8221;4.23.4&#8243; _module_preset=&#8221;default&#8221; text_text_color=&#8221;#000000&#8243; text_font_size=&#8221;16px&#8221; header_3_font=&#8221;|700|||||||&#8221; header_3_text_color=&#8221;#F58220&#8243; hover_enabled=&#8221;0&#8243; global_colors_info=&#8221;{}&#8221; sticky_enabled=&#8221;0&#8243;]<strong>Subsecret\u00e1ria<\/strong><br \/>\nTania Regina Pereira Rodrigues<\/p>\n<p><strong>Diretor Geral<\/strong><br \/>\nJos\u00e9 Augusto Guimar\u00e3es Rocha<\/p>\n<p><strong>Assessores<\/strong><br \/>\nBeatriz Jacyra Gomes Baptista \u2013 Assistente Social<br \/>\nRoberta da Fonseca de Souza \u2013 Fisioterapeuta<br \/>\nMilena Macedo Marins\u2013 Arquiteta<br \/>\nJanete Mendon\u00e7a Rodrigues Flores \u2013 Interprete de Libras<br \/>\nThais Coelho Vale \u2013 Interprete de Libras<br \/>\nMario Luiz Coimbra Monteiro\u2013 Administrativo<br \/>\nJonathan Antunez de Souza \u2013 Motorista[\/et_pb_text][\/et_pb_column][et_pb_column type=&#8221;1_5&#8243; _builder_version=&#8221;4.23.4&#8243; _module_preset=&#8221;default&#8221; global_colors_info=&#8221;{}&#8221;][\/et_pb_column][\/et_pb_row][\/et_pb_section]<\/p>\n","protected":false},"excerpt":{"rendered":"<p>Subsecret\u00e1ria Tania Regina Pereira Rodrigues Diretor Geral Jos\u00e9 Augusto Guimar\u00e3es Rocha Assessores Beatriz Jacyra Gomes Baptista \u2013 Assistente Social Roberta da Fonseca de Souza \u2013 Fisioterapeuta Milena Macedo Marins\u2013 Arquiteta Janete Mendon\u00e7a Rodrigues Flores \u2013 Interprete de Libras Thais Coelho Vale \u2013 Interprete de Libras Mario Luiz Coimbra Monteiro\u2013 Administrativo Jonathan Antunez de Souza \u2013 [&hellip;]<\/p>\n","protected":false},"author":1,"featured_media":0,"parent":0,"menu_order":0,"comment_status":"closed","ping_status":"closed","template":"","meta":{"_et_pb_use_builder":"on","_et_pb_old_content":"","_et_gb_content_width":"","footnotes":""},"class_list":["post-169","page","type-page","status-publish","hentry"],"yoast_head":"<!-- This site is optimized with the Yoast SEO plugin v25.4 - https:\/\/yoast.com\/wordpress\/plugins\/seo\/ -->\n<title>Equipe - Coordenadoria Municipal de Acessibilidade de Niter\u00f3i<\/title>\n<meta name=\"robots\" content=\"index, follow, max-snippet:-1, max-image-preview:large, max-video-preview:-1\" \/>\n<link rel=\"canonical\" href=\"https:\/\/codac.niteroi.rj.gov.br\/?page_id=169\" \/>\n<meta property=\"og:locale\" content=\"pt_BR\" \/>\n<meta property=\"og:type\" content=\"article\" \/>\n<meta property=\"og:title\" content=\"Equipe - Coordenadoria Municipal de Acessibilidade de Niter\u00f3i\" \/>\n<meta property=\"og:description\" content=\"Subsecret\u00e1ria Tania Regina Pereira Rodrigues Diretor Geral Jos\u00e9 Augusto Guimar\u00e3es Rocha Assessores Beatriz Jacyra Gomes Baptista \u2013 Assistente Social Roberta da Fonseca de Souza \u2013 Fisioterapeuta Milena Macedo Marins\u2013 Arquiteta Janete Mendon\u00e7a Rodrigues Flores \u2013 Interprete de Libras Thais Coelho Vale \u2013 Interprete de Libras Mario Luiz Coimbra Monteiro\u2013 Administrativo Jonathan Antunez de Souza \u2013 [&hellip;]\" \/>\n<meta property=\"og:url\" content=\"https:\/\/codac.niteroi.rj.gov.br\/?page_id=169\" \/>\n<meta property=\"og:site_name\" content=\"Coordenadoria Municipal de Acessibilidade de Niter\u00f3i\" \/>\n<meta property=\"article:modified_time\" content=\"2025-04-14T20:28:57+00:00\" \/>\n<meta name=\"twitter:card\" content=\"summary_large_image\" \/>\n<meta name=\"twitter:label1\" content=\"Est. tempo de leitura\" \/>\n\t<meta name=\"twitter:data1\" content=\"1 minuto\" \/>\n<script type=\"application\/ld+json\" class=\"yoast-schema-graph\">{\"@context\":\"https:\/\/schema.org\",\"@graph\":[{\"@type\":\"WebPage\",\"@id\":\"https:\/\/codac.niteroi.rj.gov.br\/?page_id=169\",\"url\":\"https:\/\/codac.niteroi.rj.gov.br\/?page_id=169\",\"name\":\"Equipe - Coordenadoria Municipal de Acessibilidade de Niter\u00f3i\",\"isPartOf\":{\"@id\":\"https:\/\/codac.niteroi.rj.gov.br\/#website\"},\"datePublished\":\"2024-04-02T12:30:59+00:00\",\"dateModified\":\"2025-04-14T20:28:57+00:00\",\"breadcrumb\":{\"@id\":\"https:\/\/codac.niteroi.rj.gov.br\/?page_id=169#breadcrumb\"},\"inLanguage\":\"pt-BR\",\"potentialAction\":[{\"@type\":\"ReadAction\",\"target\":[\"https:\/\/codac.niteroi.rj.gov.br\/?page_id=169\"]}]},{\"@type\":\"BreadcrumbList\",\"@id\":\"https:\/\/codac.niteroi.rj.gov.br\/?page_id=169#breadcrumb\",\"itemListElement\":[{\"@type\":\"ListItem\",\"position\":1,\"name\":\"In\u00edcio\",\"item\":\"https:\/\/codac.niteroi.rj.gov.br\/\"},{\"@type\":\"ListItem\",\"position\":2,\"name\":\"Equipe\"}]},{\"@type\":\"WebSite\",\"@id\":\"https:\/\/codac.niteroi.rj.gov.br\/#website\",\"url\":\"https:\/\/codac.niteroi.rj.gov.br\/\",\"name\":\"Coordenadoria Municipal de Acessibilidade de Niter\u00f3i\",\"description\":\"Acessibilidade Sem Limites\",\"publisher\":{\"@id\":\"https:\/\/codac.niteroi.rj.gov.br\/#organization\"},\"potentialAction\":[{\"@type\":\"SearchAction\",\"target\":{\"@type\":\"EntryPoint\",\"urlTemplate\":\"https:\/\/codac.niteroi.rj.gov.br\/?s={search_term_string}\"},\"query-input\":{\"@type\":\"PropertyValueSpecification\",\"valueRequired\":true,\"valueName\":\"search_term_string\"}}],\"inLanguage\":\"pt-BR\"},{\"@type\":\"Organization\",\"@id\":\"https:\/\/codac.niteroi.rj.gov.br\/#organization\",\"name\":\"Coordenadoria Municipal de Acessibilidade de Niter\u00f3i\",\"url\":\"https:\/\/codac.niteroi.rj.gov.br\/\",\"logo\":{\"@type\":\"ImageObject\",\"inLanguage\":\"pt-BR\",\"@id\":\"https:\/\/codac.niteroi.rj.gov.br\/#\/schema\/logo\/image\/\",\"url\":\"https:\/\/codac.niteroi.rj.gov.br\/wp-content\/uploads\/2024\/12\/pap-bg.jpg\",\"contentUrl\":\"https:\/\/codac.niteroi.rj.gov.br\/wp-content\/uploads\/2024\/12\/pap-bg.jpg\",\"width\":1600,\"height\":915,\"caption\":\"Coordenadoria Municipal de Acessibilidade de Niter\u00f3i\"},\"image\":{\"@id\":\"https:\/\/codac.niteroi.rj.gov.br\/#\/schema\/logo\/image\/\"}}]}<\/script>\n<!-- \/ Yoast SEO plugin. -->","yoast_head_json":{"title":"Equipe - Coordenadoria Municipal de Acessibilidade de Niter\u00f3i","robots":{"index":"index","follow":"follow","max-snippet":"max-snippet:-1","max-image-preview":"max-image-preview:large","max-video-preview":"max-video-preview:-1"},"canonical":"https:\/\/codac.niteroi.rj.gov.br\/?page_id=169","og_locale":"pt_BR","og_type":"article","og_title":"Equipe - Coordenadoria Municipal de Acessibilidade de Niter\u00f3i","og_description":"Subsecret\u00e1ria Tania Regina Pereira Rodrigues Diretor Geral Jos\u00e9 Augusto Guimar\u00e3es Rocha Assessores Beatriz Jacyra Gomes Baptista \u2013 Assistente Social Roberta da Fonseca de Souza \u2013 Fisioterapeuta Milena Macedo Marins\u2013 Arquiteta Janete Mendon\u00e7a Rodrigues Flores \u2013 Interprete de Libras Thais Coelho Vale \u2013 Interprete de Libras Mario Luiz Coimbra Monteiro\u2013 Administrativo Jonathan Antunez de Souza \u2013 [&hellip;]","og_url":"https:\/\/codac.niteroi.rj.gov.br\/?page_id=169","og_site_name":"Coordenadoria Municipal de Acessibilidade de Niter\u00f3i","article_modified_time":"2025-04-14T20:28:57+00:00","twitter_card":"summary_large_image","twitter_misc":{"Est. tempo de leitura":"1 minuto"},"schema":{"@context":"https:\/\/schema.org","@graph":[{"@type":"WebPage","@id":"https:\/\/codac.niteroi.rj.gov.br\/?page_id=169","url":"https:\/\/codac.niteroi.rj.gov.br\/?page_id=169","name":"Equipe - Coordenadoria Municipal de Acessibilidade de Niter\u00f3i","isPartOf":{"@id":"https:\/\/codac.niteroi.rj.gov.br\/#website"},"datePublished":"2024-04-02T12:30:59+00:00","dateModified":"2025-04-14T20:28:57+00:00","breadcrumb":{"@id":"https:\/\/codac.niteroi.rj.gov.br\/?page_id=169#breadcrumb"},"inLanguage":"pt-BR","potentialAction":[{"@type":"ReadAction","target":["https:\/\/codac.niteroi.rj.gov.br\/?page_id=169"]}]},{"@type":"BreadcrumbList","@id":"https:\/\/codac.niteroi.rj.gov.br\/?page_id=169#breadcrumb","itemListElement":[{"@type":"ListItem","position":1,"name":"In\u00edcio","item":"https:\/\/codac.niteroi.rj.gov.br\/"},{"@type":"ListItem","position":2,"name":"Equipe"}]},{"@type":"WebSite","@id":"https:\/\/codac.niteroi.rj.gov.br\/#website","url":"https:\/\/codac.niteroi.rj.gov.br\/","name":"Coordenadoria Municipal de Acessibilidade de Niter\u00f3i","description":"Acessibilidade Sem Limites","publisher":{"@id":"https:\/\/codac.niteroi.rj.gov.br\/#organization"},"potentialAction":[{"@type":"SearchAction","target":{"@type":"EntryPoint","urlTemplate":"https:\/\/codac.niteroi.rj.gov.br\/?s={search_term_string}"},"query-input":{"@type":"PropertyValueSpecification","valueRequired":true,"valueName":"search_term_string"}}],"inLanguage":"pt-BR"},{"@type":"Organization","@id":"https:\/\/codac.niteroi.rj.gov.br\/#organization","name":"Coordenadoria Municipal de Acessibilidade de Niter\u00f3i","url":"https:\/\/codac.niteroi.rj.gov.br\/","logo":{"@type":"ImageObject","inLanguage":"pt-BR","@id":"https:\/\/codac.niteroi.rj.gov.br\/#\/schema\/logo\/image\/","url":"https:\/\/codac.niteroi.rj.gov.br\/wp-content\/uploads\/2024\/12\/pap-bg.jpg","contentUrl":"https:\/\/codac.niteroi.rj.gov.br\/wp-content\/uploads\/2024\/12\/pap-bg.jpg","width":1600,"height":915,"caption":"Coordenadoria Municipal de Acessibilidade de Niter\u00f3i"},"image":{"@id":"https:\/\/codac.niteroi.rj.gov.br\/#\/schema\/logo\/image\/"}}]}},"_links":{"self":[{"href":"https:\/\/codac.niteroi.rj.gov.br\/index.php?rest_route=\/wp\/v2\/pages\/169","targetHints":{"allow":["GET"]}}],"collection":[{"href":"https:\/\/codac.niteroi.rj.gov.br\/index.php?rest_route=\/wp\/v2\/pages"}],"about":[{"href":"https:\/\/codac.niteroi.rj.gov.br\/index.php?rest_route=\/wp\/v2\/types\/page"}],"author":[{"embeddable":true,"href":"https:\/\/codac.niteroi.rj.gov.br\/index.php?rest_route=\/wp\/v2\/users\/1"}],"replies":[{"embeddable":true,"href":"https:\/\/codac.niteroi.rj.gov.br\/index.php?rest_route=%2Fwp%2Fv2%2Fcomments&post=169"}],"version-history":[{"count":5,"href":"https:\/\/codac.niteroi.rj.gov.br\/index.php?rest_route=\/wp\/v2\/pages\/169\/revisions"}],"predecessor-version":[{"id":541,"href":"https:\/\/codac.niteroi.rj.gov.br\/index.php?rest_route=\/wp\/v2\/pages\/169\/revisions\/541"}],"wp:attachment":[{"href":"https:\/\/codac.niteroi.rj.gov.br\/index.php?rest_route=%2Fwp%2Fv2%2Fmedia&parent=169"}],"curies":[{"name":"wp","href":"https:\/\/api.w.org\/{rel}","templated":true}]}}